{"id":135,"date":"2023-12-05T14:57:43","date_gmt":"2023-12-05T13:57:43","guid":{"rendered":"https:\/\/www.hidroland.hu\/?page_id=135"},"modified":"2025-08-05T13:34:54","modified_gmt":"2025-08-05T11:34:54","slug":"parker-hannifin-termekek","status":"publish","type":"page","link":"https:\/\/www.hidroland.hu\/?page_id=135","title":{"rendered":"Parker Hannifin"},"content":{"rendered":"\t\t<div data-elementor-type=\"wp-page\" data-elementor-id=\"135\" class=\"elementor elementor-135\">\n\t\t\t\t<div class=\"elementor-element elementor-element-40d1230 e-flex e-con-boxed e-con e-parent\" data-id=\"40d1230\" data-element_type=\"container\">\n\t\t\t\t\t<div class=\"e-con-inner\">\n\t\t\t\t<div class=\"elementor-element elementor-element-0f82c52 elementor-widget elementor-widget-text-editor\" data-id=\"0f82c52\" data-element_type=\"widget\" data-widget_type=\"text-editor.default\">\n\t\t\t\t<div class=\"elementor-widget-container\">\n\t\t\t\t\t\t\t\t\t<p>A Parker c\u00e9get Artur L. Parker fejleszt\u0151m\u00e9rn\u00f6k alap\u00edtotta 1918-ban. Hidraulika \u00e9s pneumatika term\u00e9kei tett\u00e9k sikeress\u00e9, els\u0151sorban az aut\u00f3iparban. 1957-ben a Parker egyes\u00fclt a szeleptechnik\u00e1ban \u00e9lenj\u00e1r\u00f3 Hannifin c\u00e9ggel. \u00cdgy j\u00f6tt l\u00e9tre a Parker Hannifin Corporation. 2001-ben a Parker 58 c\u00e9get v\u00e1s\u00e1rolt meg, m\u00e1ra pedig m\u00e1r az eg\u00e9sz vil\u00e1gon jelen van.<\/p>\t\t\t\t\t\t\t\t<\/div>\n\t\t\t\t<\/div>\n\t\t\t\t\t<\/div>\n\t\t\t\t<\/div>\n\t\t<div class=\"elementor-element elementor-element-344f393 e-con-full e-flex e-con e-parent\" data-id=\"344f393\" data-element_type=\"container\">\n\t\t<div class=\"elementor-element elementor-element-7c097cc e-con-full e-flex e-con e-child\" data-id=\"7c097cc\" data-element_type=\"container\">\n\t\t\t\t<div class=\"elementor-element elementor-element-0571cfe elementor-widget elementor-widget-image\" data-id=\"0571cfe\" data-element_type=\"widget\" data-widget_type=\"image.default\">\n\t\t\t\t<div class=\"elementor-widget-container\">\n\t\t\t\t\t\t\t\t\t\t\t\t\t\t\t<img fetchpriority=\"high\" decoding=\"async\" width=\"1024\" height=\"377\" src=\"https:\/\/www.hidroland.hu\/wp-content\/uploads\/2023\/12\/automation-fittings-1024x377.webp\" class=\"attachment-large size-large wp-image-142\" alt=\"\" srcset=\"https:\/\/www.hidroland.hu\/wp-content\/uploads\/2023\/12\/automation-fittings-1024x377.webp 1024w, https:\/\/www.hidroland.hu\/wp-content\/uploads\/2023\/12\/automation-fittings-300x110.webp 300w, https:\/\/www.hidroland.hu\/wp-content\/uploads\/2023\/12\/automation-fittings-768x283.webp 768w, https:\/\/www.hidroland.hu\/wp-content\/uploads\/2023\/12\/automation-fittings-1536x566.webp 1536w, https:\/\/www.hidroland.hu\/wp-content\/uploads\/2023\/12\/automation-fittings-543x200.webp 543w, https:\/\/www.hidroland.hu\/wp-content\/uploads\/2023\/12\/automation-fittings.webp 1920w\" sizes=\"(max-width: 1024px) 100vw, 1024px\" \/>\t\t\t\t\t\t\t\t\t\t\t\t\t\t\t<\/div>\n\t\t\t\t<\/div>\n\t\t\t\t<\/div>\n\t\t<div class=\"elementor-element elementor-element-b1627de e-con-full e-flex e-con e-child\" data-id=\"b1627de\" data-element_type=\"container\">\n\t\t\t\t<div class=\"elementor-element elementor-element-c443174 elementor-widget elementor-widget-text-editor\" data-id=\"c443174\" data-element_type=\"widget\" data-widget_type=\"text-editor.default\">\n\t\t\t\t<div class=\"elementor-widget-container\">\n\t\t\t\t\t\t\t\t\t<p>Parker a vil\u00e1g legnagyobb m\u00e9rn\u00f6ki kih\u00edv\u00e1sait oldja meg. Ez egy olyan felel\u0151ss\u00e9g, amelyet komolyan vesz\u00fcnk, \u00e9s amelyhez t\u00f6bbre van sz\u00fcks\u00e9g, mint a vil\u00e1g legokosabb m\u00e9rn\u00f6keire.<\/p><p>A mozg\u00e1s- \u00e9s vez\u00e9rl\u00e9stechnol\u00f3gi\u00e1ink \u00f6sszekapcsolt portf\u00f3li\u00f3ja kritikus fontoss\u00e1g\u00fa egy tiszt\u00e1bb \u00e9s fenntarthat\u00f3bb vil\u00e1g megteremt\u00e9s\u00e9ben.<\/p>\t\t\t\t\t\t\t\t<\/div>\n\t\t\t\t<\/div>\n\t\t\t\t<\/div>\n\t\t\t\t<\/div>\n\t\t<div class=\"elementor-element elementor-element-65230a8 e-flex e-con-boxed e-con e-parent\" data-id=\"65230a8\" data-element_type=\"container\">\n\t\t\t\t\t<div class=\"e-con-inner\">\n\t\t\t\t<div class=\"elementor-element elementor-element-cbdebe6 elementor-widget elementor-widget-text-editor\" data-id=\"cbdebe6\" data-element_type=\"widget\" data-widget_type=\"text-editor.default\">\n\t\t\t\t<div class=\"elementor-widget-container\">\n\t\t\t\t\t\t\t\t\t<p>A sz\u00fcks\u00e9ges szolg\u00e1ltat\u00f3i h\u00e1tteret az eg\u00e9sz vil\u00e1gra kiterjed\u0151 jelenl\u00e9t biztos\u00edtja, amely az USA-t\u00f3l Eur\u00f3p\u00e1n, \u00c1zsi\u00e1n \u00e1t eg\u00e9szen \u00daj Z\u00e9landig terjed\u0151, 200 gy\u00e1rt\u00f3egys\u00e9gb\u0151l, 60 kereskedelmi irod\u00e1b\u00f3l valamint 7500 f\u00fcggetlen disztrib\u00fatori h\u00e1l\u00f3zatb\u00f3l \u00e1ll.<\/p>\t\t\t\t\t\t\t\t<\/div>\n\t\t\t\t<\/div>\n\t\t\t\t\t<\/div>\n\t\t\t\t<\/div>\n\t\t<div class=\"elementor-element elementor-element-91df622 e-flex e-con-boxed e-con e-parent\" data-id=\"91df622\" data-element_type=\"container\">\n\t\t\t\t\t<div class=\"e-con-inner\">\n\t\t<div class=\"elementor-element elementor-element-323f2ed e-con-full e-flex e-con e-child\" data-id=\"323f2ed\" data-element_type=\"container\">\n\t\t\t\t<div class=\"elementor-element elementor-element-73d8355 elementor-widget elementor-widget-image\" data-id=\"73d8355\" data-element_type=\"widget\" data-widget_type=\"image.default\">\n\t\t\t\t<div class=\"elementor-widget-container\">\n\t\t\t\t\t\t\t\t\t\t\t\t\t\t\t<img decoding=\"async\" width=\"1024\" height=\"581\" src=\"https:\/\/www.hidroland.hu\/wp-content\/uploads\/2023\/12\/tomlo_gyartas-1-1024x581.jpg\" class=\"attachment-large size-large wp-image-177\" alt=\"\" srcset=\"https:\/\/www.hidroland.hu\/wp-content\/uploads\/2023\/12\/tomlo_gyartas-1-1024x581.jpg 1024w, https:\/\/www.hidroland.hu\/wp-content\/uploads\/2023\/12\/tomlo_gyartas-1-300x170.jpg 300w, https:\/\/www.hidroland.hu\/wp-content\/uploads\/2023\/12\/tomlo_gyartas-1-768x436.jpg 768w, https:\/\/www.hidroland.hu\/wp-content\/uploads\/2023\/12\/tomlo_gyartas-1-1536x872.jpg 1536w, https:\/\/www.hidroland.hu\/wp-content\/uploads\/2023\/12\/tomlo_gyartas-1-352x200.jpg 352w, https:\/\/www.hidroland.hu\/wp-content\/uploads\/2023\/12\/tomlo_gyartas-1.jpg 1920w\" sizes=\"(max-width: 1024px) 100vw, 1024px\" \/>\t\t\t\t\t\t\t\t\t\t\t\t\t\t\t<\/div>\n\t\t\t\t<\/div>\n\t\t\t\t<\/div>\n\t\t<div class=\"elementor-element elementor-element-af1e1e1 e-con-full e-flex e-con e-child\" data-id=\"af1e1e1\" data-element_type=\"container\">\n\t\t\t\t<div class=\"elementor-element elementor-element-eed192a elementor-widget__width-initial elementor-widget elementor-widget-text-editor\" data-id=\"eed192a\" data-element_type=\"widget\" data-widget_type=\"text-editor.default\">\n\t\t\t\t<div class=\"elementor-widget-container\">\n\t\t\t\t\t\t\t\t\t<p>A Hidro-Land els\u0151sorban teljes hidraulikus \u00e9s pneumatikus rendszerek valamennyi \u00f6sszetev\u0151j\u00e9t k\u00edn\u00e1lja.<\/p><p>Szerelv\u00e9nyeket, t\u00f6ml\u0151ket, munkahengereket, t\u00f6m\u00edt\u00e9seket, szelepeket, sz\u0171r\u0151ket, szivatty\u00fakat, m\u00e9r\u0151m\u0171szereket.<\/p><p>Szakmailag elismert\u00a0 munkat\u00e1rsaink seg\u00edtenek \u00fcgyfeleinknek elk\u00e9pzel\u00e9seik megval\u00f3s\u00edt\u00e1s\u00e1ban.<\/p>\t\t\t\t\t\t\t\t<\/div>\n\t\t\t\t<\/div>\n\t\t\t\t<\/div>\n\t\t\t\t\t<\/div>\n\t\t\t\t<\/div>\n\t\t<div class=\"elementor-element elementor-element-d72e6ee e-flex e-con-boxed e-con e-parent\" data-id=\"d72e6ee\" data-element_type=\"container\">\n\t\t\t\t\t<div class=\"e-con-inner\">\n\t\t\t\t<div class=\"elementor-element elementor-element-b6d668d elementor-widget elementor-widget-text-editor\" data-id=\"b6d668d\" data-element_type=\"widget\" data-widget_type=\"text-editor.default\">\n\t\t\t\t<div class=\"elementor-widget-container\">\n\t\t\t\t\t\t\t\t\t<p>M\u0171hely\u00fcnkben elv\u00e9gezz\u00fck a t\u00f6ml\u0151k cser\u00e9j\u00e9t, hib\u00e1s alkatr\u00e9szek jav\u00edt\u00e1s\u00e1t, sz\u00fcks\u00e9g \u00e9s ig\u00e9ny eset\u00e9n diagnosztikai m\u00e9r\u00e9sekkel t\u00e1mogatva.<\/p><p>A legmodernebb technol\u00f3gi\u00e1val felszerelt Hose Doktor s\u00fcrg\u0151ss\u00e9gi, mobil szolg\u00e1ltat\u00e1sunk a helysz\u00ednen v\u00e9gzi el a sz\u00fcks\u00e9ges jav\u00edt\u00e1sokat, t\u00f6ml\u0151k cser\u00e9j\u00e9t. Ezzel Partnereink id\u0151t takar\u00edthatnak meg \u00e9s k\u00f6lts\u00e9geiket minimaliz\u00e1lhatj\u00e1k.<\/p>\t\t\t\t\t\t\t\t<\/div>\n\t\t\t\t<\/div>\n\t\t\t\t<div class=\"elementor-element elementor-element-0810604 elementor-widget elementor-widget-text-editor\" data-id=\"0810604\" data-element_type=\"widget\" data-widget_type=\"text-editor.default\">\n\t\t\t\t<div class=\"elementor-widget-container\">\n\t\t\t\t\t\t\t\t\t<p>Parker Tracking System szolg\u00e1ltat\u00e1sunk. A PTS szolg\u00e1ltat\u00e1s ig\u00e9nybev\u00e9tele eset\u00e9n a hidraulika t\u00f6ml\u0151k a vil\u00e1gon egyed\u00fcl\u00e1ll\u00f3 webes alap\u00fa nyilv\u00e1ntart\u00e1sba ker\u00fclnek, egy tart\u00f3s kivitel\u0171 c\u00edmk\u00e9re \u00edrt 8 sz\u00e1mjegy\u0171 azonos\u00edt\u00f3 alapj\u00e1n, amely a t\u00f6ml\u0151k m\u0171szaki \u00e9s sz\u00e1rmaz\u00e1si adatait tartalmazza. Ez nemcsak gyors \u00e9s pontos gy\u00e1rt\u00e1st biztos\u00edt a t\u00f6ml\u0151k cser\u00e9j\u00e9hez vagy a tervszer\u0171 karbantart\u00e1shoz, hanem a min\u0151s\u00e9get is szolg\u00e1lja, mert ebben a rendszerben a t\u00f6ml\u0151k \u00e9lettartam\u00e1val kapcsolatos adatokat is t\u00e1rolunk, amit a Parker folyamatosan \u00e9rt\u00e9kel \u00e9s az \u00e9rt\u00e9kel\u00e9s eredm\u00e9ny\u00e9t a gy\u00e1rtm\u00e1ny fejleszt\u00e9sn\u00e9l felhaszn\u00e1lja.<\/p><p>\u00a0<\/p>\t\t\t\t\t\t\t\t<\/div>\n\t\t\t\t<\/div>\n\t\t\t\t<div class=\"elementor-element elementor-element-a1f9148 elementor-widget elementor-widget-video\" data-id=\"a1f9148\" data-element_type=\"widget\" data-settings=\"{&quot;video_type&quot;:&quot;hosted&quot;,&quot;controls&quot;:&quot;yes&quot;}\" data-widget_type=\"video.default\">\n\t\t\t\t<div class=\"elementor-widget-container\">\n\t\t\t\t\t\t\t<div class=\"e-hosted-video elementor-wrapper elementor-open-inline\">\n\t\t\t\t\t<video class=\"elementor-video\" src=\"https:\/\/www.hidroland.hu\/wp-content\/uploads\/2023\/12\/Tomlo_roppantas_1_zenevel.mp4\" controls=\"\" preload=\"metadata\" controlsList=\"nodownload\"><\/video>\n\t\t\t\t<\/div>\n\t\t\t\t\t\t<\/div>\n\t\t\t\t<\/div>\n\t\t\t\t\t<\/div>\n\t\t\t\t<\/div>\n\t\t<div class=\"elementor-element elementor-element-931eb22 e-flex e-con-boxed e-con e-parent\" data-id=\"931eb22\" data-element_type=\"container\">\n\t\t\t\t\t<div class=\"e-con-inner\">\n\t\t<div class=\"elementor-element elementor-element-153faa3 e-con-full e-flex e-con e-child\" data-id=\"153faa3\" data-element_type=\"container\">\n\t\t\t\t<div class=\"elementor-element elementor-element-bc534ad elementor-button-success elementor-align-center elementor-absolute elementor-widget elementor-widget-button\" data-id=\"bc534ad\" data-element_type=\"widget\" data-settings=\"{&quot;_position&quot;:&quot;absolute&quot;}\" data-widget_type=\"button.default\">\n\t\t\t\t<div class=\"elementor-widget-container\">\n\t\t\t\t\t\t\t\t\t<div class=\"elementor-button-wrapper\">\n\t\t\t\t\t<a class=\"elementor-button elementor-button-link elementor-size-xl\" href=\"\">\n\t\t\t\t\t\t<span class=\"elementor-button-content-wrapper\">\n\t\t\t\t\t\t\t\t\t<span class=\"elementor-button-text\">\u00c1raj\u00e1nlatot k\u00e9rek<\/span>\n\t\t\t\t\t<\/span>\n\t\t\t\t\t<\/a>\n\t\t\t\t<\/div>\n\t\t\t\t\t\t\t\t<\/div>\n\t\t\t\t<\/div>\n\t\t\t\t<\/div>\n\t\t<div class=\"elementor-element elementor-element-93c7a0b e-con-full e-flex e-con e-child\" data-id=\"93c7a0b\" data-element_type=\"container\">\n\t\t\t\t<\/div>\n\t\t\t\t\t<\/div>\n\t\t\t\t<\/div>\n\t\t<div class=\"elementor-element elementor-element-51da25a e-flex e-con-boxed e-con e-parent\" data-id=\"51da25a\" data-element_type=\"container\">\n\t\t\t\t\t<div class=\"e-con-inner\">\n\t\t\t\t\t<\/div>\n\t\t\t\t<\/div>\n\t\t\t\t<\/div>\n\t\t","protected":false},"excerpt":{"rendered":"<p>A Parker c\u00e9get Artur L. Parker fejleszt\u0151m\u00e9rn\u00f6k alap\u00edtotta 1918-ban. Hidraulika \u00e9s pneumatika term\u00e9kei tett\u00e9k sikeress\u00e9, els\u0151sorban az aut\u00f3iparban. 1957-ben a Parker egyes\u00fclt a szeleptechnik\u00e1ban \u00e9lenj\u00e1r\u00f3 Hannifin c\u00e9ggel. \u00cdgy j\u00f6tt l\u00e9tre a Parker Hannifin Corporation. 2001-ben a Parker 58 c\u00e9get v\u00e1s\u00e1rolt meg, m\u00e1ra pedig m\u00e1r az eg\u00e9sz vil\u00e1gon jelen van. Parker &hellip;<\/p>\n","protected":false},"author":1,"featured_media":0,"parent":0,"menu_order":0,"comment_status":"closed","ping_status":"closed","template":"","meta":{"footnotes":""},"yoast_head":"<!-- This site is optimized with the Yoast SEO plugin v23.5 - https:\/\/yoast.com\/wordpress\/plugins\/seo\/ -->\n<title>Parker Hannifin - Hidroland<\/title>\n<meta name=\"description\" content=\"Parker term\u00e9kek forgalmaz\u00e1s\u00e1val, t\u00f6ml\u0151gy\u00e1rt\u00e1ssal \u00e9s azok karbantart\u00e1s\u00e1val foglalkozunk, ak\u00e1r kisz\u00e1ll\u00e1ssal is!\" \/>\n<meta name=\"robots\" content=\"index, follow, max-snippet:-1, max-image-preview:large, max-video-preview:-1\" \/>\n<link rel=\"canonical\" href=\"https:\/\/www.hidroland.hu\/?page_id=135\" \/>\n<meta property=\"og:locale\" content=\"hu_HU\" \/>\n<meta property=\"og:type\" content=\"article\" \/>\n<meta property=\"og:title\" content=\"Parker Hannifin - Hidroland\" \/>\n<meta property=\"og:description\" content=\"Parker term\u00e9kek forgalmaz\u00e1s\u00e1val, t\u00f6ml\u0151gy\u00e1rt\u00e1ssal \u00e9s azok karbantart\u00e1s\u00e1val foglalkozunk, ak\u00e1r kisz\u00e1ll\u00e1ssal is!\" \/>\n<meta property=\"og:url\" content=\"https:\/\/www.hidroland.hu\/?page_id=135\" \/>\n<meta property=\"og:site_name\" content=\"Hidroland\" \/>\n<meta property=\"article:modified_time\" content=\"2025-08-05T11:34:54+00:00\" \/>\n<meta property=\"og:image\" content=\"https:\/\/www.hidroland.hu\/wp-content\/uploads\/2023\/12\/automation-fittings-1024x377.webp\" \/>\n<meta name=\"twitter:card\" content=\"summary_large_image\" \/>\n<meta name=\"twitter:label1\" content=\"Becs\u00fclt olvas\u00e1si id\u0151\" \/>\n\t<meta name=\"twitter:data1\" content=\"2 perc\" \/>\n<script type=\"application\/ld+json\" class=\"yoast-schema-graph\">{\"@context\":\"https:\/\/schema.org\",\"@graph\":[{\"@type\":\"WebPage\",\"@id\":\"https:\/\/www.hidroland.hu\/?page_id=135\",\"url\":\"https:\/\/www.hidroland.hu\/?page_id=135\",\"name\":\"Parker Hannifin - Hidroland\",\"isPartOf\":{\"@id\":\"https:\/\/www.hidroland.hu\/#website\"},\"primaryImageOfPage\":{\"@id\":\"https:\/\/www.hidroland.hu\/?page_id=135#primaryimage\"},\"image\":{\"@id\":\"https:\/\/www.hidroland.hu\/?page_id=135#primaryimage\"},\"thumbnailUrl\":\"https:\/\/www.hidroland.hu\/wp-content\/uploads\/2023\/12\/automation-fittings-1024x377.webp\",\"datePublished\":\"2023-12-05T13:57:43+00:00\",\"dateModified\":\"2025-08-05T11:34:54+00:00\",\"description\":\"Parker term\u00e9kek forgalmaz\u00e1s\u00e1val, t\u00f6ml\u0151gy\u00e1rt\u00e1ssal \u00e9s azok karbantart\u00e1s\u00e1val foglalkozunk, ak\u00e1r kisz\u00e1ll\u00e1ssal is!\",\"breadcrumb\":{\"@id\":\"https:\/\/www.hidroland.hu\/?page_id=135#breadcrumb\"},\"inLanguage\":\"hu\",\"potentialAction\":[{\"@type\":\"ReadAction\",\"target\":[\"https:\/\/www.hidroland.hu\/?page_id=135\"]}]},{\"@type\":\"ImageObject\",\"inLanguage\":\"hu\",\"@id\":\"https:\/\/www.hidroland.hu\/?page_id=135#primaryimage\",\"url\":\"https:\/\/www.hidroland.hu\/wp-content\/uploads\/2023\/12\/automation-fittings.webp\",\"contentUrl\":\"https:\/\/www.hidroland.hu\/wp-content\/uploads\/2023\/12\/automation-fittings.webp\",\"width\":1920,\"height\":707},{\"@type\":\"BreadcrumbList\",\"@id\":\"https:\/\/www.hidroland.hu\/?page_id=135#breadcrumb\",\"itemListElement\":[{\"@type\":\"ListItem\",\"position\":1,\"name\":\"Home\",\"item\":\"https:\/\/www.hidroland.hu\/\"},{\"@type\":\"ListItem\",\"position\":2,\"name\":\"Parker Hannifin\"}]},{\"@type\":\"WebSite\",\"@id\":\"https:\/\/www.hidroland.hu\/#website\",\"url\":\"https:\/\/www.hidroland.hu\/\",\"name\":\"Hidroland\",\"description\":\"\",\"publisher\":{\"@id\":\"https:\/\/www.hidroland.hu\/#organization\"},\"potentialAction\":[{\"@type\":\"SearchAction\",\"target\":{\"@type\":\"EntryPoint\",\"urlTemplate\":\"https:\/\/www.hidroland.hu\/?s={search_term_string}\"},\"query-input\":{\"@type\":\"PropertyValueSpecification\",\"valueRequired\":true,\"valueName\":\"search_term_string\"}}],\"inLanguage\":\"hu\"},{\"@type\":\"Organization\",\"@id\":\"https:\/\/www.hidroland.hu\/#organization\",\"name\":\"Hidroland\",\"url\":\"https:\/\/www.hidroland.hu\/\",\"logo\":{\"@type\":\"ImageObject\",\"inLanguage\":\"hu\",\"@id\":\"https:\/\/www.hidroland.hu\/#\/schema\/logo\/image\/\",\"url\":\"https:\/\/www.hidroland.hu\/wp-content\/uploads\/2023\/12\/logo_video_04_feher.gif\",\"contentUrl\":\"https:\/\/www.hidroland.hu\/wp-content\/uploads\/2023\/12\/logo_video_04_feher.gif\",\"width\":820,\"height\":360,\"caption\":\"Hidroland\"},\"image\":{\"@id\":\"https:\/\/www.hidroland.hu\/#\/schema\/logo\/image\/\"}}]}<\/script>\n<!-- \/ Yoast SEO plugin. -->","yoast_head_json":{"title":"Parker Hannifin - Hidroland","description":"Parker term\u00e9kek forgalmaz\u00e1s\u00e1val, t\u00f6ml\u0151gy\u00e1rt\u00e1ssal \u00e9s azok karbantart\u00e1s\u00e1val foglalkozunk, ak\u00e1r kisz\u00e1ll\u00e1ssal is!","robots":{"index":"index","follow":"follow","max-snippet":"max-snippet:-1","max-image-preview":"max-image-preview:large","max-video-preview":"max-video-preview:-1"},"canonical":"https:\/\/www.hidroland.hu\/?page_id=135","og_locale":"hu_HU","og_type":"article","og_title":"Parker Hannifin - Hidroland","og_description":"Parker term\u00e9kek forgalmaz\u00e1s\u00e1val, t\u00f6ml\u0151gy\u00e1rt\u00e1ssal \u00e9s azok karbantart\u00e1s\u00e1val foglalkozunk, ak\u00e1r kisz\u00e1ll\u00e1ssal is!","og_url":"https:\/\/www.hidroland.hu\/?page_id=135","og_site_name":"Hidroland","article_modified_time":"2025-08-05T11:34:54+00:00","og_image":[{"url":"https:\/\/www.hidroland.hu\/wp-content\/uploads\/2023\/12\/automation-fittings-1024x377.webp"}],"twitter_card":"summary_large_image","twitter_misc":{"Becs\u00fclt olvas\u00e1si id\u0151":"2 perc"},"schema":{"@context":"https:\/\/schema.org","@graph":[{"@type":"WebPage","@id":"https:\/\/www.hidroland.hu\/?page_id=135","url":"https:\/\/www.hidroland.hu\/?page_id=135","name":"Parker Hannifin - Hidroland","isPartOf":{"@id":"https:\/\/www.hidroland.hu\/#website"},"primaryImageOfPage":{"@id":"https:\/\/www.hidroland.hu\/?page_id=135#primaryimage"},"image":{"@id":"https:\/\/www.hidroland.hu\/?page_id=135#primaryimage"},"thumbnailUrl":"https:\/\/www.hidroland.hu\/wp-content\/uploads\/2023\/12\/automation-fittings-1024x377.webp","datePublished":"2023-12-05T13:57:43+00:00","dateModified":"2025-08-05T11:34:54+00:00","description":"Parker term\u00e9kek forgalmaz\u00e1s\u00e1val, t\u00f6ml\u0151gy\u00e1rt\u00e1ssal \u00e9s azok karbantart\u00e1s\u00e1val foglalkozunk, ak\u00e1r kisz\u00e1ll\u00e1ssal is!","breadcrumb":{"@id":"https:\/\/www.hidroland.hu\/?page_id=135#breadcrumb"},"inLanguage":"hu","potentialAction":[{"@type":"ReadAction","target":["https:\/\/www.hidroland.hu\/?page_id=135"]}]},{"@type":"ImageObject","inLanguage":"hu","@id":"https:\/\/www.hidroland.hu\/?page_id=135#primaryimage","url":"https:\/\/www.hidroland.hu\/wp-content\/uploads\/2023\/12\/automation-fittings.webp","contentUrl":"https:\/\/www.hidroland.hu\/wp-content\/uploads\/2023\/12\/automation-fittings.webp","width":1920,"height":707},{"@type":"BreadcrumbList","@id":"https:\/\/www.hidroland.hu\/?page_id=135#breadcrumb","itemListElement":[{"@type":"ListItem","position":1,"name":"Home","item":"https:\/\/www.hidroland.hu\/"},{"@type":"ListItem","position":2,"name":"Parker Hannifin"}]},{"@type":"WebSite","@id":"https:\/\/www.hidroland.hu\/#website","url":"https:\/\/www.hidroland.hu\/","name":"Hidroland","description":"","publisher":{"@id":"https:\/\/www.hidroland.hu\/#organization"},"potentialAction":[{"@type":"SearchAction","target":{"@type":"EntryPoint","urlTemplate":"https:\/\/www.hidroland.hu\/?s={search_term_string}"},"query-input":{"@type":"PropertyValueSpecification","valueRequired":true,"valueName":"search_term_string"}}],"inLanguage":"hu"},{"@type":"Organization","@id":"https:\/\/www.hidroland.hu\/#organization","name":"Hidroland","url":"https:\/\/www.hidroland.hu\/","logo":{"@type":"ImageObject","inLanguage":"hu","@id":"https:\/\/www.hidroland.hu\/#\/schema\/logo\/image\/","url":"https:\/\/www.hidroland.hu\/wp-content\/uploads\/2023\/12\/logo_video_04_feher.gif","contentUrl":"https:\/\/www.hidroland.hu\/wp-content\/uploads\/2023\/12\/logo_video_04_feher.gif","width":820,"height":360,"caption":"Hidroland"},"image":{"@id":"https:\/\/www.hidroland.hu\/#\/schema\/logo\/image\/"}}]}},"_links":{"self":[{"href":"https:\/\/www.hidroland.hu\/index.php?rest_route=\/wp\/v2\/pages\/135"}],"collection":[{"href":"https:\/\/www.hidroland.hu\/index.php?rest_route=\/wp\/v2\/pages"}],"about":[{"href":"https:\/\/www.hidroland.hu\/index.php?rest_route=\/wp\/v2\/types\/page"}],"author":[{"embeddable":true,"href":"https:\/\/www.hidroland.hu\/index.php?rest_route=\/wp\/v2\/users\/1"}],"replies":[{"embeddable":true,"href":"https:\/\/www.hidroland.hu\/index.php?rest_route=%2Fwp%2Fv2%2Fcomments&post=135"}],"version-history":[{"count":6,"href":"https:\/\/www.hidroland.hu\/index.php?rest_route=\/wp\/v2\/pages\/135\/revisions"}],"predecessor-version":[{"id":296,"href":"https:\/\/www.hidroland.hu\/index.php?rest_route=\/wp\/v2\/pages\/135\/revisions\/296"}],"wp:attachment":[{"href":"https:\/\/www.hidroland.hu\/index.php?rest_route=%2Fwp%2Fv2%2Fmedia&parent=135"}],"curies":[{"name":"wp","href":"https:\/\/api.w.org\/{rel}","templated":true}]}}