{"id":150,"date":"2023-12-05T15:34:32","date_gmt":"2023-12-05T14:34:32","guid":{"rendered":"https:\/\/www.hidroland.hu\/?page_id=150"},"modified":"2023-12-05T15:44:23","modified_gmt":"2023-12-05T14:44:23","slug":"arajanlatkeres","status":"publish","type":"page","link":"https:\/\/www.hidroland.hu\/?page_id=150","title":{"rendered":"Aj\u00e1nlatk\u00e9r\u00e9s"},"content":{"rendered":"\t\t<div data-elementor-type=\"wp-page\" data-elementor-id=\"150\" class=\"elementor elementor-150\">\n\t\t\t\t<div class=\"elementor-element elementor-element-10cc3c2 e-flex e-con-boxed e-con e-parent\" data-id=\"10cc3c2\" data-element_type=\"container\">\n\t\t\t\t\t<div class=\"e-con-inner\">\n\t\t\t\t<div class=\"elementor-element elementor-element-d05d621 elementor-widget elementor-widget-text-editor\" data-id=\"d05d621\" data-element_type=\"widget\" data-widget_type=\"text-editor.default\">\n\t\t\t\t<div class=\"elementor-widget-container\">\n\t\t\t\t\t\t\t\t\t<p>K\u00e9rjen t\u0151l\u00fcnk \u00e1raj\u00e1nlatot, vagy r\u00e9szletesebb inform\u00e1ci\u00f3t az \u00e1ltalunk forgalmazott Parker Hannifin term\u00e9keinkr\u0151l.<\/p><p>Szakmailag elismert koll\u00e9g\u00e1ink sz\u00edvesen \u00e1llnak rendelkez\u00e9s\u00e9re!<\/p>\t\t\t\t\t\t\t\t<\/div>\n\t\t\t\t<\/div>\n\t\t\t\t\t<\/div>\n\t\t\t\t<\/div>\n\t\t<div class=\"elementor-element elementor-element-a5f3eb0 e-flex e-con-boxed e-con e-parent\" data-id=\"a5f3eb0\" data-element_type=\"container\">\n\t\t\t\t\t<div class=\"e-con-inner\">\n\t\t\t\t<div class=\"elementor-element elementor-element-028b0c4 elementor-widget elementor-widget-wp-widget-wpforms-widget\" data-id=\"028b0c4\" data-element_type=\"widget\" data-widget_type=\"wp-widget-wpforms-widget.default\">\n\t\t\t\t<div class=\"elementor-widget-container\">\n\t\t\t\t\t<div class=\"wpforms-container wpforms-container-full wpforms-render-modern\" id=\"wpforms-60\"><form id=\"wpforms-form-60\" class=\"wpforms-validate wpforms-form wpforms-ajax-form\" data-formid=\"60\" method=\"post\" enctype=\"multipart\/form-data\" action=\"\/index.php?rest_route=%2Fwp%2Fv2%2Fpages%2F150\" data-token=\"89986b8b773247a1870b49841c9304ed\" data-token-time=\"1777551978\"><noscript class=\"wpforms-error-noscript\">Please enable JavaScript in your browser to complete this form.<\/noscript><div class=\"wpforms-hidden\" id=\"wpforms-error-noscript\">Please enable JavaScript in your browser to complete this form.<\/div><div class=\"wpforms-field-container\"><div id=\"wpforms-60-field_0-container\" class=\"wpforms-field wpforms-field-name\" data-field-id=\"0\"><label class=\"wpforms-field-label\" for=\"wpforms-60-field_0\">N\u00e9v <span class=\"wpforms-required-label\" aria-hidden=\"true\">*<\/span><\/label><input type=\"text\" id=\"wpforms-60-field_0\" class=\"wpforms-field-medium wpforms-field-required\" name=\"wpforms[fields][0]\" aria-errormessage=\"wpforms-60-field_0-error\" required><\/div><div id=\"wpforms-60-field_1-container\" class=\"wpforms-field wpforms-field-email\" data-field-id=\"1\"><label class=\"wpforms-field-label\" for=\"wpforms-60-field_1\">Email <span class=\"wpforms-required-label\" aria-hidden=\"true\">*<\/span><\/label><input type=\"email\" id=\"wpforms-60-field_1\" class=\"wpforms-field-medium wpforms-field-required\" name=\"wpforms[fields][1]\" spellcheck=\"false\" aria-errormessage=\"wpforms-60-field_1-error\" required><\/div><div id=\"wpforms-60-field_3-container\" class=\"wpforms-field wpforms-field-select wpforms-field-select-style-classic\" data-field-id=\"3\"><label class=\"wpforms-field-label\" for=\"wpforms-60-field_3\">Melyik szolg\u00e1ltat\u00e1ssal kapcsolatban keres minket?<\/label><select id=\"wpforms-60-field_3\" class=\"wpforms-field-medium\" name=\"wpforms[fields][3]\"><option value=\"Kereskedelem\" >Kereskedelem<\/option><option value=\"Szerv\u00edz\" >Szerv\u00edz<\/option><option value=\"HoseDoctor\" >HoseDoctor<\/option><\/select><\/div><div id=\"wpforms-60-field_2-container\" class=\"wpforms-field wpforms-field-textarea\" data-field-id=\"2\"><label class=\"wpforms-field-label\" for=\"wpforms-60-field_2\">Aj\u00e1nlatk\u00e9r\u00e9s t\u00e1rgya<\/label><textarea id=\"wpforms-60-field_2\" class=\"wpforms-field-medium\" name=\"wpforms[fields][2]\" aria-errormessage=\"wpforms-60-field_2-error\" ><\/textarea><\/div><\/div><!-- .wpforms-field-container --><div class=\"wpforms-submit-container\" ><input type=\"hidden\" name=\"wpforms[id]\" value=\"60\"><input type=\"hidden\" name=\"page_title\" value=\"\"><input type=\"hidden\" name=\"page_url\" value=\"https:\/\/www.hidroland.hu\/index.php?rest_route=\/wp\/v2\/pages\/150\"><button type=\"submit\" name=\"wpforms[submit]\" id=\"wpforms-submit-60\" class=\"wpforms-submit\" data-alt-text=\"K\u00fcld\u00e9s...\" data-submit-text=\"Elk\u00fcld\" aria-live=\"assertive\" value=\"wpforms-submit\">Elk\u00fcld<\/button><img decoding=\"async\" src=\"https:\/\/www.hidroland.hu\/wp-content\/plugins\/wpforms-lite\/assets\/images\/submit-spin.svg\" class=\"wpforms-submit-spinner\" style=\"display: none;\" width=\"26\" height=\"26\" alt=\"Loading\"><\/div><\/form><\/div>  <!-- .wpforms-container -->\t\t\t\t<\/div>\n\t\t\t\t<\/div>\n\t\t\t\t\t<\/div>\n\t\t\t\t<\/div>\n\t\t\t\t<\/div>\n\t\t","protected":false},"excerpt":{"rendered":"<p>K\u00e9rjen t\u0151l\u00fcnk \u00e1raj\u00e1nlatot, vagy r\u00e9szletesebb inform\u00e1ci\u00f3t az \u00e1ltalunk forgalmazott Parker Hannifin term\u00e9keinkr\u0151l. Szakmailag elismert koll\u00e9g\u00e1ink sz\u00edvesen \u00e1llnak rendelkez\u00e9s\u00e9re!<\/p>\n","protected":false},"author":1,"featured_media":0,"parent":0,"menu_order":0,"comment_status":"closed","ping_status":"closed","template":"","meta":{"footnotes":""},"yoast_head":"<!-- This site is optimized with the Yoast SEO plugin v23.5 - https:\/\/yoast.com\/wordpress\/plugins\/seo\/ -->\n<title>Aj\u00e1nlatk\u00e9r\u00e9s - Hidroland<\/title>\n<meta name=\"description\" content=\"Ezen az oldalon k\u00e9rhet aj\u00e1nlatot, vagy r\u00e9szletesebb inform\u00e1ci\u00f3t tev\u00e9kenys\u00e9geinkr\u00f3l, term\u00e9keinkr\u0151l.\" \/>\n<meta name=\"robots\" content=\"index, follow, max-snippet:-1, max-image-preview:large, max-video-preview:-1\" \/>\n<link rel=\"canonical\" href=\"https:\/\/www.hidroland.hu\/?page_id=150\" \/>\n<meta property=\"og:locale\" content=\"hu_HU\" \/>\n<meta property=\"og:type\" content=\"article\" \/>\n<meta property=\"og:title\" content=\"Aj\u00e1nlatk\u00e9r\u00e9s - Hidroland\" \/>\n<meta property=\"og:description\" content=\"Ezen az oldalon k\u00e9rhet aj\u00e1nlatot, vagy r\u00e9szletesebb inform\u00e1ci\u00f3t tev\u00e9kenys\u00e9geinkr\u00f3l, term\u00e9keinkr\u0151l.\" \/>\n<meta property=\"og:url\" content=\"https:\/\/www.hidroland.hu\/?page_id=150\" \/>\n<meta property=\"og:site_name\" content=\"Hidroland\" \/>\n<meta property=\"article:modified_time\" content=\"2023-12-05T14:44:23+00:00\" \/>\n<meta name=\"twitter:card\" content=\"summary_large_image\" \/>\n<meta name=\"twitter:label1\" content=\"Becs\u00fclt olvas\u00e1si id\u0151\" \/>\n\t<meta name=\"twitter:data1\" content=\"1 perc\" \/>\n<script type=\"application\/ld+json\" class=\"yoast-schema-graph\">{\"@context\":\"https:\/\/schema.org\",\"@graph\":[{\"@type\":\"WebPage\",\"@id\":\"https:\/\/www.hidroland.hu\/?page_id=150\",\"url\":\"https:\/\/www.hidroland.hu\/?page_id=150\",\"name\":\"Aj\u00e1nlatk\u00e9r\u00e9s - Hidroland\",\"isPartOf\":{\"@id\":\"https:\/\/www.hidroland.hu\/#website\"},\"datePublished\":\"2023-12-05T14:34:32+00:00\",\"dateModified\":\"2023-12-05T14:44:23+00:00\",\"description\":\"Ezen az oldalon k\u00e9rhet aj\u00e1nlatot, vagy r\u00e9szletesebb inform\u00e1ci\u00f3t tev\u00e9kenys\u00e9geinkr\u00f3l, term\u00e9keinkr\u0151l.\",\"breadcrumb\":{\"@id\":\"https:\/\/www.hidroland.hu\/?page_id=150#breadcrumb\"},\"inLanguage\":\"hu\",\"potentialAction\":[{\"@type\":\"ReadAction\",\"target\":[\"https:\/\/www.hidroland.hu\/?page_id=150\"]}]},{\"@type\":\"BreadcrumbList\",\"@id\":\"https:\/\/www.hidroland.hu\/?page_id=150#breadcrumb\",\"itemListElement\":[{\"@type\":\"ListItem\",\"position\":1,\"name\":\"Home\",\"item\":\"https:\/\/www.hidroland.hu\/\"},{\"@type\":\"ListItem\",\"position\":2,\"name\":\"Aj\u00e1nlatk\u00e9r\u00e9s\"}]},{\"@type\":\"WebSite\",\"@id\":\"https:\/\/www.hidroland.hu\/#website\",\"url\":\"https:\/\/www.hidroland.hu\/\",\"name\":\"Hidroland\",\"description\":\"\",\"publisher\":{\"@id\":\"https:\/\/www.hidroland.hu\/#organization\"},\"potentialAction\":[{\"@type\":\"SearchAction\",\"target\":{\"@type\":\"EntryPoint\",\"urlTemplate\":\"https:\/\/www.hidroland.hu\/?s={search_term_string}\"},\"query-input\":{\"@type\":\"PropertyValueSpecification\",\"valueRequired\":true,\"valueName\":\"search_term_string\"}}],\"inLanguage\":\"hu\"},{\"@type\":\"Organization\",\"@id\":\"https:\/\/www.hidroland.hu\/#organization\",\"name\":\"Hidroland\",\"url\":\"https:\/\/www.hidroland.hu\/\",\"logo\":{\"@type\":\"ImageObject\",\"inLanguage\":\"hu\",\"@id\":\"https:\/\/www.hidroland.hu\/#\/schema\/logo\/image\/\",\"url\":\"https:\/\/www.hidroland.hu\/wp-content\/uploads\/2023\/12\/logo_video_04_feher.gif\",\"contentUrl\":\"https:\/\/www.hidroland.hu\/wp-content\/uploads\/2023\/12\/logo_video_04_feher.gif\",\"width\":820,\"height\":360,\"caption\":\"Hidroland\"},\"image\":{\"@id\":\"https:\/\/www.hidroland.hu\/#\/schema\/logo\/image\/\"}}]}<\/script>\n<!-- \/ Yoast SEO plugin. -->","yoast_head_json":{"title":"Aj\u00e1nlatk\u00e9r\u00e9s - Hidroland","description":"Ezen az oldalon k\u00e9rhet aj\u00e1nlatot, vagy r\u00e9szletesebb inform\u00e1ci\u00f3t tev\u00e9kenys\u00e9geinkr\u00f3l, term\u00e9keinkr\u0151l.","robots":{"index":"index","follow":"follow","max-snippet":"max-snippet:-1","max-image-preview":"max-image-preview:large","max-video-preview":"max-video-preview:-1"},"canonical":"https:\/\/www.hidroland.hu\/?page_id=150","og_locale":"hu_HU","og_type":"article","og_title":"Aj\u00e1nlatk\u00e9r\u00e9s - Hidroland","og_description":"Ezen az oldalon k\u00e9rhet aj\u00e1nlatot, vagy r\u00e9szletesebb inform\u00e1ci\u00f3t tev\u00e9kenys\u00e9geinkr\u00f3l, term\u00e9keinkr\u0151l.","og_url":"https:\/\/www.hidroland.hu\/?page_id=150","og_site_name":"Hidroland","article_modified_time":"2023-12-05T14:44:23+00:00","twitter_card":"summary_large_image","twitter_misc":{"Becs\u00fclt olvas\u00e1si id\u0151":"1 perc"},"schema":{"@context":"https:\/\/schema.org","@graph":[{"@type":"WebPage","@id":"https:\/\/www.hidroland.hu\/?page_id=150","url":"https:\/\/www.hidroland.hu\/?page_id=150","name":"Aj\u00e1nlatk\u00e9r\u00e9s - Hidroland","isPartOf":{"@id":"https:\/\/www.hidroland.hu\/#website"},"datePublished":"2023-12-05T14:34:32+00:00","dateModified":"2023-12-05T14:44:23+00:00","description":"Ezen az oldalon k\u00e9rhet aj\u00e1nlatot, vagy r\u00e9szletesebb inform\u00e1ci\u00f3t tev\u00e9kenys\u00e9geinkr\u00f3l, term\u00e9keinkr\u0151l.","breadcrumb":{"@id":"https:\/\/www.hidroland.hu\/?page_id=150#breadcrumb"},"inLanguage":"hu","potentialAction":[{"@type":"ReadAction","target":["https:\/\/www.hidroland.hu\/?page_id=150"]}]},{"@type":"BreadcrumbList","@id":"https:\/\/www.hidroland.hu\/?page_id=150#breadcrumb","itemListElement":[{"@type":"ListItem","position":1,"name":"Home","item":"https:\/\/www.hidroland.hu\/"},{"@type":"ListItem","position":2,"name":"Aj\u00e1nlatk\u00e9r\u00e9s"}]},{"@type":"WebSite","@id":"https:\/\/www.hidroland.hu\/#website","url":"https:\/\/www.hidroland.hu\/","name":"Hidroland","description":"","publisher":{"@id":"https:\/\/www.hidroland.hu\/#organization"},"potentialAction":[{"@type":"SearchAction","target":{"@type":"EntryPoint","urlTemplate":"https:\/\/www.hidroland.hu\/?s={search_term_string}"},"query-input":{"@type":"PropertyValueSpecification","valueRequired":true,"valueName":"search_term_string"}}],"inLanguage":"hu"},{"@type":"Organization","@id":"https:\/\/www.hidroland.hu\/#organization","name":"Hidroland","url":"https:\/\/www.hidroland.hu\/","logo":{"@type":"ImageObject","inLanguage":"hu","@id":"https:\/\/www.hidroland.hu\/#\/schema\/logo\/image\/","url":"https:\/\/www.hidroland.hu\/wp-content\/uploads\/2023\/12\/logo_video_04_feher.gif","contentUrl":"https:\/\/www.hidroland.hu\/wp-content\/uploads\/2023\/12\/logo_video_04_feher.gif","width":820,"height":360,"caption":"Hidroland"},"image":{"@id":"https:\/\/www.hidroland.hu\/#\/schema\/logo\/image\/"}}]}},"_links":{"self":[{"href":"https:\/\/www.hidroland.hu\/index.php?rest_route=\/wp\/v2\/pages\/150"}],"collection":[{"href":"https:\/\/www.hidroland.hu\/index.php?rest_route=\/wp\/v2\/pages"}],"about":[{"href":"https:\/\/www.hidroland.hu\/index.php?rest_route=\/wp\/v2\/types\/page"}],"author":[{"embeddable":true,"href":"https:\/\/www.hidroland.hu\/index.php?rest_route=\/wp\/v2\/users\/1"}],"replies":[{"embeddable":true,"href":"https:\/\/www.hidroland.hu\/index.php?rest_route=%2Fwp%2Fv2%2Fcomments&post=150"}],"version-history":[{"count":4,"href":"https:\/\/www.hidroland.hu\/index.php?rest_route=\/wp\/v2\/pages\/150\/revisions"}],"predecessor-version":[{"id":155,"href":"https:\/\/www.hidroland.hu\/index.php?rest_route=\/wp\/v2\/pages\/150\/revisions\/155"}],"wp:attachment":[{"href":"https:\/\/www.hidroland.hu\/index.php?rest_route=%2Fwp%2Fv2%2Fmedia&parent=150"}],"curies":[{"name":"wp","href":"https:\/\/api.w.org\/{rel}","templated":true}]}}